{"id":96,"date":"2025-05-18T14:12:32","date_gmt":"2025-05-18T12:12:32","guid":{"rendered":"https:\/\/mam-porzadek.pl\/?page_id=96"},"modified":"2025-05-26T18:48:35","modified_gmt":"2025-05-26T16:48:35","slug":"cenik","status":"publish","type":"page","link":"https:\/\/mam-porzadek.pl\/?page_id=96","title":{"rendered":"Cennik"},"content":{"rendered":"\n<div id=\"wp-block-themeisle-blocks-advanced-columns-b6d6b822\" class=\"wp-block-themeisle-blocks-advanced-columns has-1-columns has-desktop-equal-layout has-tablet-equal-layout has-mobile-equal-layout has-vertical-unset\"><div class=\"wp-block-themeisle-blocks-advanced-columns-overlay\"><\/div><div class=\"innerblocks-wrap\">\n<div id=\"wp-block-themeisle-blocks-advanced-column-3e8fbfce\" class=\"wp-block-themeisle-blocks-advanced-column\">\n<h2 class=\"wp-block-heading\">Cennik<\/h2>\n\n\n\n<p>Pranie tapicerki<\/p>\n\n\n\n<figure class=\"wp-block-table\"><table class=\"has-fixed-layout\"><tbody><tr><td>Pranie naro\u017cnika \/ pranie kanapy naro\u017cnej<\/td><td>od 170 z\u0142<\/td><\/tr><tr><td>Pranie naro\u017cnika \/ pranie kanapy naro\u017cnej o d\u0142ugo\u015bci powy\u017cej 2,5m (d\u0142ugo\u015b\u0107 mierzymy po obrysie)<\/td><td>od 240 z\u0142<\/td><\/tr><tr><td>Pranie sofy \/ pranie kanapy bez boczk\u00f3w<\/td><td>od 130 z\u0142<\/td><\/tr><tr><td>Pranie sofy \/ pranie kanapy (z boczkami, lub skomplikowanym kroju)<\/td><td>od 160 z\u0142<\/td><\/tr><tr><td>Pranie kompletu 3+2+1<\/td><td>od 250 z\u0142<\/td><\/tr><tr><td>Pranie fotela<\/td><td>od 70 z\u0142<\/td><\/tr><tr><td>Pranie krzes\u0142a<\/td><td>od 20 \u2013 60 z\u0142<\/td><\/tr><tr><td>Pranie poduszki<\/td><td>od 15 z\u0142<\/td><\/tr><tr><td>Pranie tapicerki samochodowej &#8211; fotele, dywaniki i baga\u017cnik<\/td><td>od 300 z\u0142<\/td><\/tr><tr><td>Pranie foteli samochodowych<\/td><td>od 250 z\u0142<\/td><\/tr><tr><td>Pranie dywanik\u00f3w samochodowych<\/td><td>od 15 z\u0142<\/td><\/tr><tr><td>Pranie baga\u017cnika auta<\/td><td>od 50 z\u0142<\/td><\/tr><\/tbody><\/table><\/figure>\n\n\n\n<p>Opieka na grobami<\/p>\n\n\n\n<figure class=\"wp-block-table\"><table class=\"has-fixed-layout\"><tbody><tr><td>Nagrobek pojedynczy<\/td><td>od 140 z\u0142<\/td><\/tr><tr><td>Nagrobek podw\u00f3jny<\/td><td>od 170 z\u0142<\/td><\/tr><tr><td>Nagrobek rodzinny<\/td><td>od 190 z\u0142<\/td><\/tr><\/tbody><\/table><\/figure>\n\n\n\n<p>Mycie okien<\/p>\n\n\n\n<figure class=\"wp-block-table\"><table class=\"has-fixed-layout\"><tbody><tr><td>Okno jednoskrzyd\u0142owe<\/td><td>od 20 \u2013 40 z\u0142<\/td><\/tr><tr><td>Okno dwuskrzyd\u0142owe<\/td><td>od 40 \u2013 60 z\u0142<\/td><\/tr><tr><td>Drzwi balkonowe \/ du\u017ce okno tarasowe<\/td><td>od 30 \u2013 70 z\u0142<\/td><\/tr><tr><td>Witryna sklepowa<\/td><td>Wycena indywidualna<\/td><\/tr><\/tbody><\/table><\/figure>\n\n\n\n<p>Minimalna warto\u015b\u0107 us\u0142ug 100 z\u0142<\/p>\n\n\n\n<p>Poza granicami Poznania dojazd 1 z\u0142 liczony od granicy miasta.<\/p>\n<\/div>\n<\/div><\/div>\n","protected":false},"excerpt":{"rendered":"","protected":false},"author":1,"featured_media":0,"parent":0,"menu_order":0,"comment_status":"closed","ping_status":"closed","template":"","meta":{"_uag_custom_page_level_css":"","neve_meta_sidebar":"","neve_meta_container":"","neve_meta_enable_content_width":"on","neve_meta_content_width":70,"neve_meta_title_alignment":"","neve_meta_author_avatar":"","neve_post_elements_order":"","neve_meta_disable_header":"","neve_meta_disable_footer":"","neve_meta_disable_title":"on","_themeisle_gutenberg_block_has_review":false,"footnotes":""},"class_list":["post-96","page","type-page","status-publish","hentry"],"uagb_featured_image_src":{"full":false,"thumbnail":false,"medium":false,"medium_large":false,"large":false,"1536x1536":false,"2048x2048":false,"neve-blog":false},"uagb_author_info":{"display_name":"yeti800","author_link":"https:\/\/mam-porzadek.pl\/?author=1"},"uagb_comment_info":0,"uagb_excerpt":null,"_links":{"self":[{"href":"https:\/\/mam-porzadek.pl\/index.php?rest_route=\/wp\/v2\/pages\/96","targetHints":{"allow":["GET"]}}],"collection":[{"href":"https:\/\/mam-porzadek.pl\/index.php?rest_route=\/wp\/v2\/pages"}],"about":[{"href":"https:\/\/mam-porzadek.pl\/index.php?rest_route=\/wp\/v2\/types\/page"}],"author":[{"embeddable":true,"href":"https:\/\/mam-porzadek.pl\/index.php?rest_route=\/wp\/v2\/users\/1"}],"replies":[{"embeddable":true,"href":"https:\/\/mam-porzadek.pl\/index.php?rest_route=%2Fwp%2Fv2%2Fcomments&post=96"}],"version-history":[{"count":2,"href":"https:\/\/mam-porzadek.pl\/index.php?rest_route=\/wp\/v2\/pages\/96\/revisions"}],"predecessor-version":[{"id":241,"href":"https:\/\/mam-porzadek.pl\/index.php?rest_route=\/wp\/v2\/pages\/96\/revisions\/241"}],"wp:attachment":[{"href":"https:\/\/mam-porzadek.pl\/index.php?rest_route=%2Fwp%2Fv2%2Fmedia&parent=96"}],"curies":[{"name":"wp","href":"https:\/\/api.w.org\/{rel}","templated":true}]}}